{"id":100,"date":"2017-12-22T15:29:54","date_gmt":"2017-12-22T14:29:54","guid":{"rendered":"https:\/\/dr-cayrel-dentiste.fr\/?page_id=100"},"modified":"2021-09-21T15:11:42","modified_gmt":"2021-09-21T13:11:42","slug":"comment-remplacer-les-dents","status":"publish","type":"page","link":"https:\/\/www.dr-cayrel-dentiste.fr\/?page_id=100","title":{"rendered":"Comment remplacer les dents?"},"content":{"rendered":"\n<h2 class=\"wp-block-heading\">Remplacer plusieurs dents<\/h2>\n\n\n\n<h3 class=\"wp-block-heading\">L&rsquo;appareil amovible<\/h3>\n\n\n\n<p>L&rsquo;appareil amovible est la solution, la plus simple et souvent la moins on\u00e9reuse pour remplacer des dents manquantes. Il s&rsquo;agit d&rsquo;un appareil en m\u00e9tal ou en r\u00e9sine qui tient gr\u00e2ce \u00e0 des crochets sur les dents restantes. Mais ces crochets peuvent entra\u00eener une fragilisation des dents qui maintiennent l&rsquo;appareil. Il peut \u00eatre utilis\u00e9 en solution d&rsquo;attente (pour la cicatrisation d&rsquo;implants par exemple), ou peut \u00eatre transform\u00e9 pour rajouter des dents dont le pronostic est incertain et qui peuvent \u00eatre extraites par la suite. Du fait de sa taille importante, il est rarement utilis\u00e9 pour remplacer moins de trois dents.<\/p>\n\n\n\n<p><strong>Avantages :<\/strong> solution peu on\u00e9reuse, facilement \u00e9volutive, qui peut servir de temporisation.<\/p>\n\n\n\n<p><strong>Inconv\u00e9nients :<\/strong> Il doit \u00eatre enlev\u00e9 r\u00e9guli\u00e8rement, et demande une maintenance et un nettoyage r\u00e9gulier. Il donne une sensation de corps \u00e9tranger en bouche, et n&rsquo;apporte pas un confort optimal. La perception de ce confort est tr\u00e8s variable selon les patients et un temps d&rsquo;adaptation est n\u00e9cessaire.<\/p>\n\n\n\n<div class=\"wp-block-image\"><figure class=\"alignleft\"><img loading=\"lazy\" decoding=\"async\" width=\"300\" height=\"225\" src=\"https:\/\/dr-cayrel-dentiste.fr\/wp-content\/uploads\/2017\/12\/Appareil-amovible-300x225.jpg\" alt=\"\" class=\"wp-image-16\"\/><\/figure><\/div>\n\n\n\n<p>L&rsquo;appareil r\u00e9sine est plus \u00e9pais et moins confortable mais est plus facilement modifiable et moins cher. Il est souvent utilis\u00e9 en temporisation. L&rsquo;appareil m\u00e9tal est plus cher mais mieux rembours\u00e9.<\/p>\n\n\n\n<h3 class=\"wp-block-heading\">Le bridge<\/h3>\n\n\n\n<p>Il s&rsquo;agit d&rsquo;une solution fixe. C&rsquo;est un \u00ab\u00a0pont\u00a0\u00bb entre deux dents pr\u00e9sentes sur l&rsquo;arcade pour remplacer une (parfois deux) dent manquante. Cette solution est tr\u00e8s bien accept\u00e9 par les patients qui les consid\u00e8rent la plupart du temps comme \u00e9tant leurs vrais dents. Cette solution n\u00e9cessite de tailler les dents encadrants la dent manquante pour pouvoir placer le bridge.<\/p>\n\n\n\n<p><strong>Avantages :<\/strong> Solution fixe, tr\u00e8s bien accept\u00e9e par le patient.<\/p>\n\n\n\n<p><strong>Inconv\u00e9nients :<\/strong> Le prix est plus \u00e9lev\u00e9. La r\u00e9alisation n\u00e9cessite de tailler les dents adjacentes et donc parfois de les abimer alors qu&rsquo;elles sont saines. Cette solution n&rsquo;est pas envisageable si il n&rsquo;y a pas de dents bordant la dent manquante.<\/p>\n\n\n\n<figure class=\"wp-block-image\"><img loading=\"lazy\" decoding=\"async\" width=\"300\" height=\"225\" src=\"https:\/\/dr-cayrel-dentiste.fr\/wp-content\/uploads\/2017\/12\/Bridge-1-300x225.jpg\" alt=\"\" class=\"wp-image-17\"\/><\/figure>\n\n\n\n<figure class=\"wp-block-image\"><img loading=\"lazy\" decoding=\"async\" width=\"300\" height=\"225\" src=\"https:\/\/dr-cayrel-dentiste.fr\/wp-content\/uploads\/2017\/12\/Bridge-2-300x225.jpg\" alt=\"\" class=\"wp-image-18\"\/><\/figure>\n\n\n\n<h3 class=\"wp-block-heading\">L&rsquo;implant<\/h3>\n\n\n\n<p>Il s&rsquo;agit d&rsquo;une solution fixe. Elle consiste \u00e0 poser une fausse racine en titane (implant) dans l&rsquo;os pour remplacer la racine manquante. Apr\u00e8s trois mois de cicatrisation osseuse, permettant une bonne int\u00e9gration (solidification) de l&rsquo;implant dans l&rsquo;os, le dentiste peut poser une couronne sur l&rsquo;implant en utilisant une pi\u00e8ce interm\u00e9diaire appel\u00e9e pilier.<\/p>\n\n\n\n<p><strong>Avantages :<\/strong> Solution fixe, tr\u00e8s bien accept\u00e9e par le patient. Il ne n\u00e9cessite pas de toucher aux autres dents.<\/p>\n\n\n\n<p><strong>Inconv\u00e9nients :<\/strong> Le prix est plus \u00e9lev\u00e9. Le temps de cicatrisation long (3 mois au minimum).<\/p>\n\n\n\n<h2 class=\"wp-block-heading\">Remplacer toutes les dents<\/h2>\n\n\n\n<h3 class=\"wp-block-heading\">L&rsquo;appareil amovible complet<\/h3>\n\n\n\n<p>Un appareil amovible complet est retenu par un effet \u00ab\u00a0ventouse\u00a0\u00bb (plus pr\u00e9cis\u00e9ment par capillarit\u00e9). Cette tenue reste pr\u00e9caire (surtout \u00e0 la m\u00e2choire du bas) et doit parfois \u00eatre compl\u00e9t\u00e9e par des colles. Il est quasiment toujours en r\u00e9sine (et non en m\u00e9tal comme peuvent l&rsquo;\u00eatre les proth\u00e8ses rempla\u00e7ant plusieurs dents) car c&rsquo;est le mat\u00e9riau qui permet la meilleure tenue en bouche.<\/p>\n\n\n\n<p><strong>Avantages :<\/strong> apporte un plus pour la mastication et am\u00e9liore tr\u00e8s significativement l&rsquo;esth\u00e9tique.<\/p>\n\n\n\n<p><strong>Inconv\u00e9nients :<\/strong> r\u00e9tention difficile surtout \u00e0 la m\u00e2choire du bas. N\u00e9cessite un temps d&rsquo;adaptation et ne remplacera jamais vos vrais dents.<\/p>\n\n\n\n<figure class=\"wp-block-image\"><img loading=\"lazy\" decoding=\"async\" width=\"300\" height=\"225\" src=\"https:\/\/dr-cayrel-dentiste.fr\/wp-content\/uploads\/2017\/12\/Appareil-amovible-complet-300x225.jpg\" alt=\"\" class=\"wp-image-15\"\/><\/figure>\n\n\n\n<h3 class=\"wp-block-heading\">Appareil amovible complet stabilis\u00e9 par des implants<\/h3>\n\n\n\n<p>L&rsquo;appareil peut \u00eatre stabilis\u00e9 par des implants (2,3, ou 4 fausses racines en titane pos\u00e9es dans l&rsquo;os). Sur ces implants sont pos\u00e9s des piliers implantaires sur lesquels la proth\u00e8se vient se clipser. Ceci apporte un gain non n\u00e9gligeable de r\u00e9tention et de confort. Mais l&rsquo;appareil reste amovible et doit \u00eatre retir\u00e9 r\u00e9guli\u00e8rement pour \u00eatre nettoy\u00e9.<\/p>\n\n\n\n<p><strong>Avantages :<\/strong> Am\u00e9liore significativement la mastication et l&rsquo;esth\u00e9tique. Nettoyage de la proth\u00e8se et des piliers implantaires en bouche tr\u00e8s facile. Cette solution apporte le meilleur r\u00e9sultat esth\u00e9tique possible..<\/p>\n\n\n\n<p><strong>Inconv\u00e9nients :<\/strong> L&rsquo;appareil reste amovible.<\/p>\n\n\n\n<h3 class=\"wp-block-heading\">Bridge complet sur implant<\/h3>\n\n\n\n<p>Il s&rsquo;agit d&rsquo;un bridge complet pos\u00e9 sur des implants. C&rsquo;est une solution fixe n\u00e9cessitant la pose d&rsquo;un nombre important d&rsquo;implants (5 \u00e0 6 \u00e0 la mandibule, 6 \u00e0 8 au maxillaire). Cette solution est la plus on\u00e9reuse.<\/p>\n\n\n\n<p><strong>Avantages :<\/strong> Am\u00e9liore significativement la mastication et l&rsquo;esth\u00e9tique. Solution totalement fixe qui s&rsquo;approche le plus de vos vrais dents.<\/p>\n\n\n\n<p><strong>Inconv\u00e9nients :<\/strong> Le rendu esth\u00e9tique quoique incomparable avec une situation sans dents, n&rsquo;est pas toujours optimal (impression de grandes dents). Le nettoyage du bridge (deux fois par jour) demande parfois du temps et un peu de dext\u00e9rit\u00e9.<\/p>\n\n\n\n<p><a href=\"#\">Imprimer la page<\/a><\/p>\n","protected":false},"excerpt":{"rendered":"<p>Remplacer plusieurs dents L&rsquo;appareil amovible L&rsquo;appareil amovible est la solution, la plus simple et souvent la moins on\u00e9reuse pour remplacer des dents manquantes. Il s&rsquo;agit d&rsquo;un appareil en m\u00e9tal ou en r\u00e9sine qui tient gr\u00e2ce \u00e0 des crochets sur les &hellip; <a href=\"https:\/\/www.dr-cayrel-dentiste.fr\/?page_id=100\">Continuer la lecture <span class=\"meta-nav\">&rarr;<\/span><\/a><\/p>\n","protected":false},"author":4,"featured_media":0,"parent":88,"menu_order":2,"comment_status":"closed","ping_status":"closed","template":"","meta":{"footnotes":""},"class_list":["post-100","page","type-page","status-publish","hentry"],"publishpress_future_action":{"enabled":false,"date":"2026-05-01 06:01:36","action":"change-status","newStatus":"draft","terms":[],"taxonomy":"","extraData":[]},"publishpress_future_workflow_manual_trigger":{"enabledWorkflows":[]},"_links":{"self":[{"href":"https:\/\/www.dr-cayrel-dentiste.fr\/index.php?rest_route=\/wp\/v2\/pages\/100","targetHints":{"allow":["GET"]}}],"collection":[{"href":"https:\/\/www.dr-cayrel-dentiste.fr\/index.php?rest_route=\/wp\/v2\/pages"}],"about":[{"href":"https:\/\/www.dr-cayrel-dentiste.fr\/index.php?rest_route=\/wp\/v2\/types\/page"}],"author":[{"embeddable":true,"href":"https:\/\/www.dr-cayrel-dentiste.fr\/index.php?rest_route=\/wp\/v2\/users\/4"}],"replies":[{"embeddable":true,"href":"https:\/\/www.dr-cayrel-dentiste.fr\/index.php?rest_route=%2Fwp%2Fv2%2Fcomments&post=100"}],"version-history":[{"count":1,"href":"https:\/\/www.dr-cayrel-dentiste.fr\/index.php?rest_route=\/wp\/v2\/pages\/100\/revisions"}],"predecessor-version":[{"id":336,"href":"https:\/\/www.dr-cayrel-dentiste.fr\/index.php?rest_route=\/wp\/v2\/pages\/100\/revisions\/336"}],"up":[{"embeddable":true,"href":"https:\/\/www.dr-cayrel-dentiste.fr\/index.php?rest_route=\/wp\/v2\/pages\/88"}],"wp:attachment":[{"href":"https:\/\/www.dr-cayrel-dentiste.fr\/index.php?rest_route=%2Fwp%2Fv2%2Fmedia&parent=100"}],"curies":[{"name":"wp","href":"https:\/\/api.w.org\/{rel}","templated":true}]}}