{"id":106,"date":"2017-12-22T15:35:03","date_gmt":"2017-12-22T14:35:03","guid":{"rendered":"https:\/\/dr-cayrel-dentiste.fr\/?page_id=106"},"modified":"2021-09-21T15:12:38","modified_gmt":"2021-09-21T13:12:38","slug":"lhygiene-bucco-dentaire","status":"publish","type":"page","link":"https:\/\/www.dr-cayrel-dentiste.fr\/?page_id=106","title":{"rendered":"L&rsquo;hygi\u00e8ne bucco-dentaire"},"content":{"rendered":"\n<p>Un brossage soigneux est l&rsquo;une des clefs d&rsquo;une bonne sant\u00e9 bucco-dentaire. Il permet d&rsquo;\u00e9liminer la plaque dentaire, agregga de bact\u00e9ries, qui se forme sur les dents et qui est responsable des deux principales maladies rencontr\u00e9es chez nos patients : les caries et les maladies parodontales.<\/p>\n\n\n\n<p>Il est actuellement recommand\u00e9 un brossage quotidien deux fois par jour pendant 2 minutes.<\/p>\n\n\n\n<h2 class=\"wp-block-heading\">Les brosses \u00e0 dents<\/h2>\n\n\n\n<p>Les derni\u00e8res \u00e9tudes montrent une meilleure efficacit\u00e9 des brosses \u00e0 dents \u00e9lectriques.<\/p>\n\n\n\n<div class=\"wp-block-image\"><figure class=\"alignleft\"><img loading=\"lazy\" decoding=\"async\" width=\"125\" height=\"125\" src=\"https:\/\/dr-cayrel-dentiste.fr\/wp-content\/uploads\/2017\/12\/brosse-souple-petite-tete.jpg\" alt=\"\" class=\"wp-image-21\"\/><\/figure><\/div>\n\n\n\n<p>Si vous optez pour une brosse \u00e0 dent manuelle, pr\u00e9f\u00e9rez une brosse \u00e0 dent souple avec une petite t\u00eate. Changez la r\u00e9guli\u00e8rement d\u00e8s que les poils ne sont plus droits.<\/p>\n\n\n\n<div class=\"wp-block-image\"><figure class=\"alignleft\"><img loading=\"lazy\" decoding=\"async\" width=\"125\" height=\"125\" src=\"https:\/\/dr-cayrel-dentiste.fr\/wp-content\/uploads\/2017\/12\/brosse-elec-ronde.jpg\" alt=\"\" class=\"wp-image-20\"\/><\/figure><\/div>\n\n\n\n<p>Si vous optez pour une brosse \u00e0 dent \u00e9lectrique, les t\u00eates rondes (de type ocillo-rotatif) sont pr\u00e9f\u00e9rables.<\/p>\n\n\n\n<h2 class=\"wp-block-heading\">Les dentifrices<\/h2>\n\n\n\n<p>Le dentifrice n&rsquo;est pas l&rsquo;\u00e9l\u00e9ment le plus important du brossage. Le plus important est de choisir un dentifrice fluor\u00e9 au dosage adapt\u00e9 \u00e0 chaque \u00e2ge. Pour les patients pr\u00e9sentant des sensibilit\u00e9s dentaires, il existe des dentifrices contenant des agents d\u00e9sensibilisant ayant d\u00e9montr\u00e9 leur efficacit\u00e9.<\/p>\n\n\n\n<p>Fluoration en fonction de l&rsquo;\u00e2ge \u00e0 partir<\/p>\n\n\n\n<ul class=\"wp-block-list\"><li>de 2 ans brossage deux fois par jour : dentifrice 250 \u00e0 600 ppm<\/li><li><span class=\"tab9\">de 3 ans brossage deux fois par jour : dentifrice 500 \u00e0 1000 ppm<\/span><\/li><li><span class=\"tab9\">de 6 ans brossage deux fois par jour : dentifrice 1000 \u00e0 1500 ppm<\/span><\/li><li><span class=\"tab9\">adulte : dentifrice fluor\u00e9 \u00e0 1450 ppm<\/span><\/li><\/ul>\n\n\n\n<h2 class=\"wp-block-heading\">Le brossage inter-dentaire<\/h2>\n\n\n\n<p>Aucune brosse \u00e0 dents ne peut nettoyer l&rsquo;espace inter-dentaire. Pour supprimer la plaque dentaire qui s&rsquo;y accumule, divers syst\u00e8mes existent. Une utilisation quotidienne d&rsquo;un de ces syst\u00e8mes est conseill\u00e9e.<\/p>\n\n\n\n<div class=\"wp-block-image\"><figure class=\"alignleft\"><img loading=\"lazy\" decoding=\"async\" width=\"216\" height=\"125\" src=\"https:\/\/dr-cayrel-dentiste.fr\/wp-content\/uploads\/2017\/12\/fil-dentaire.jpg\" alt=\"\" class=\"wp-image-32\"\/><\/figure><\/div>\n\n\n\n<p>Le fil dentaire demande un peu d&rsquo;entra\u00eenement pour son utilisation. Il a l&rsquo;avantage de pouvoir se glisser entre la quasi totalit\u00e9 des dents.<\/p>\n\n\n\n<div class=\"wp-block-image\"><figure class=\"alignright\"><img loading=\"lazy\" decoding=\"async\" width=\"188\" height=\"125\" src=\"https:\/\/dr-cayrel-dentiste.fr\/wp-content\/uploads\/2017\/12\/brossette-interdentaire.jpg\" alt=\"\" class=\"wp-image-22\"\/><\/figure><\/div>\n\n\n\n<p>Les brossettes inter-dentaires ont une utilisation extr\u00eamement simple mais ne peuvent pas passer entre les espaces dentaires les plus \u00e9troits.<\/p>\n\n\n\n<div class=\"wp-block-image\"><figure class=\"alignleft\"><img loading=\"lazy\" decoding=\"async\" width=\"125\" height=\"125\" src=\"https:\/\/dr-cayrel-dentiste.fr\/wp-content\/uploads\/2017\/12\/hydropulseur.jpg\" alt=\"\" class=\"wp-image-33\"\/><\/figure><\/div>\n\n\n\n<p><br>L&rsquo;hydropulseur, ce jet d&rsquo;eau puls\u00e9 nettoie les espaces inter-dentaires. Certains confr\u00e8res estiment que cet outil serait moins efficace. En l&rsquo;absence de donn\u00e9es, je pr\u00e9f\u00e8re conseiller le fil ou les brossettes.<\/p>\n\n\n\n<h2 class=\"wp-block-heading\">bain de bouche<\/h2>\n\n\n\n<p>Les bains de bouche ne peuvent \u00eatre utilis\u00e9s que comme compl\u00e9ment au brossage, ou lors d&rsquo;\u00e9v\u00e8nements type aphte ou gingivite.<\/p>\n\n\n\n<p>Les bains de bouche \u00e0 chlor\u00e9xidine ne devraient pas \u00eatre utilis\u00e9s plus de deux semaines, conform\u00e9ment \u00e0 leur autorisation de mise sur le march\u00e9.<\/p>\n\n\n\n<p>D&rsquo;autres bains de bouche existent pour une utilisation quotidienne.<\/p>\n\n\n\n<h2 class=\"wp-block-heading\">M\u00e9thode de brossage<\/h2>\n\n\n\n<p>Bien brosser demande un peu de technique et de pratique.<\/p>\n\n\n\n<p>Brosse \u00e0 dent manuelle :<br>La m\u00e9thode \u00e9volue avec l&rsquo;\u00e2ge de l&rsquo;enfant. Je renvoie \u00e0 <em><a href=\"https:\/\/www.dr-cayrel-dentiste.fr\/wp-content\/uploads\/2017\/12\/fiche-brossage.pdf\" target=\"_blank\" rel=\"noopener\">la fiche conseil de l&rsquo;UFSBD<\/a><\/em> qui d\u00e9crit bien ces m\u00e9thodes.<\/p>\n\n\n\n<p>Brosse \u00e0 dent \u00e9lectrique :<br>La m\u00e9thode est simplifi\u00e9e de par le mouvement automatique de la brosse \u00e0 dent. Le patient n&rsquo;a pas de mouvement particulier \u00e0 r\u00e9aliser mais doit respecter les fondamentaux de la m\u00e9thode classique de brossage. Brosser s\u00e9par\u00e9ment la m\u00e2choire du haut et la m\u00e2choire du bas. Nettoyer le long de la gencive, suivre le trajet<\/p>\n\n\n\n<div class=\"wp-block-image\"><figure class=\"alignleft\"><img loading=\"lazy\" decoding=\"async\" width=\"119\" height=\"125\" src=\"https:\/\/dr-cayrel-dentiste.fr\/wp-content\/uploads\/2017\/12\/brossage-sens.jpg\" alt=\"\" class=\"wp-image-19\"\/><\/figure><\/div>\n\n\n\n<p>sur toutes les dents et ne pas oublier de faire le dessus des dents.<\/p>\n\n\n\n<h2 class=\"wp-block-heading\">Entretien d&rsquo;un appareil dentaire<\/h2>\n\n\n\n<p>Rincer votre appareil apr\u00e8s chaque repas. Le brosser deux fois par jour, le retirer, brosser vos dents, brosser votre appareil avec une brosse \u00e0 dent (il existe des brosses sp\u00e9ciales pour les appareils) <span class=\"T1\">SANS <\/span>dentifrice (ce qui le rayerait). Vous pouvez utiliser du savon de Marseille liquide. En cas de pr\u00e9sence de tartre (d\u00e9p\u00f4t blanch\u00e2tre, voir brun\u00e2tre qui ne part pas \u00e0 la brosse \u00e0 dent) le laisser tremper 15 minutes dans du vinaigre blanc. Vous trouverez des pastilles de produits d\u00e9sinfectants dans le commerce. Celles-ci peuvent \u00eatre utilis\u00e9es une fois par semaine (maximum) en respectant le temps d&rsquo;immersion indiqu\u00e9 par le fabriquant. Il est conseill\u00e9 de ne pas dormir avec votre appareil la nuit, et de le laisser au sec pour entraver le d\u00e9veloppement des bact\u00e9ries et champignons.<\/p>\n\n\n\n<p>bibliographie<\/p>\n\n\n\n<p>Powered\/electric toothbrushes compared to manual toothbrushes for maintaining oral health Yaacob M, Worthington HV, Deacon SA, Deery C, Walmsley A, Robinson PG, Glenny A<\/p>\n\n\n\n<p>Different types of powered toothbrushes for plaque control and healthy gums Deacon SA, Glenny A-M, Deery C, Robinson PG, Heanue M, Walmsley AD, Shaw WCFiche conseil de brossage de l&rsquo;UFSBD.<\/p>\n\n\n\n<p><a>Imprimer la page<\/a><\/p>\n","protected":false},"excerpt":{"rendered":"<p>Un brossage soigneux est l&rsquo;une des clefs d&rsquo;une bonne sant\u00e9 bucco-dentaire. Il permet d&rsquo;\u00e9liminer la plaque dentaire, agregga de bact\u00e9ries, qui se forme sur les dents et qui est responsable des deux principales maladies rencontr\u00e9es chez nos patients : les &hellip; <a href=\"https:\/\/www.dr-cayrel-dentiste.fr\/?page_id=106\">Continuer la lecture <span class=\"meta-nav\">&rarr;<\/span><\/a><\/p>\n","protected":false},"author":4,"featured_media":0,"parent":103,"menu_order":0,"comment_status":"closed","ping_status":"closed","template":"","meta":{"footnotes":""},"class_list":["post-106","page","type-page","status-publish","hentry"],"publishpress_future_action":{"enabled":false,"date":"2026-05-09 15:53:42","action":"change-status","newStatus":"draft","terms":[],"taxonomy":"","extraData":[]},"publishpress_future_workflow_manual_trigger":{"enabledWorkflows":[]},"_links":{"self":[{"href":"https:\/\/www.dr-cayrel-dentiste.fr\/index.php?rest_route=\/wp\/v2\/pages\/106","targetHints":{"allow":["GET"]}}],"collection":[{"href":"https:\/\/www.dr-cayrel-dentiste.fr\/index.php?rest_route=\/wp\/v2\/pages"}],"about":[{"href":"https:\/\/www.dr-cayrel-dentiste.fr\/index.php?rest_route=\/wp\/v2\/types\/page"}],"author":[{"embeddable":true,"href":"https:\/\/www.dr-cayrel-dentiste.fr\/index.php?rest_route=\/wp\/v2\/users\/4"}],"replies":[{"embeddable":true,"href":"https:\/\/www.dr-cayrel-dentiste.fr\/index.php?rest_route=%2Fwp%2Fv2%2Fcomments&post=106"}],"version-history":[{"count":1,"href":"https:\/\/www.dr-cayrel-dentiste.fr\/index.php?rest_route=\/wp\/v2\/pages\/106\/revisions"}],"predecessor-version":[{"id":338,"href":"https:\/\/www.dr-cayrel-dentiste.fr\/index.php?rest_route=\/wp\/v2\/pages\/106\/revisions\/338"}],"up":[{"embeddable":true,"href":"https:\/\/www.dr-cayrel-dentiste.fr\/index.php?rest_route=\/wp\/v2\/pages\/103"}],"wp:attachment":[{"href":"https:\/\/www.dr-cayrel-dentiste.fr\/index.php?rest_route=%2Fwp%2Fv2%2Fmedia&parent=106"}],"curies":[{"name":"wp","href":"https:\/\/api.w.org\/{rel}","templated":true}]}}