{"id":112,"date":"2017-12-22T15:39:30","date_gmt":"2017-12-22T14:39:30","guid":{"rendered":"https:\/\/dr-cayrel-dentiste.fr\/?page_id=112"},"modified":"2021-09-21T15:13:13","modified_gmt":"2021-09-21T13:13:13","slug":"le-blanchiment-des-dents","status":"publish","type":"page","link":"https:\/\/www.dr-cayrel-dentiste.fr\/?page_id=112","title":{"rendered":"Le blanchiment des dents"},"content":{"rendered":"\n<p>Ce proc\u00e9d\u00e9 simple de dentisterie esth\u00e9tique sert \u00e0 \u00e9claircir les colorations de l&rsquo;\u00e9mail et de la dentine gr\u00e2ce \u00e0 l&rsquo;utilisation d&rsquo;un gel \u00e0 base de peroxyde d&rsquo;hydrog\u00e8ne (eau oxyg\u00e9n\u00e9e). Que se soit en cabinet ou \u00e0 domicile, aucun traitement blanchissant ne doit \u00eatre effectu\u00e9 sans avoir pr\u00e9alablement effectu\u00e9 un bilan bucco-dentaire approfondi par un chirurgien-dentiste afin de v\u00e9rifier l&rsquo;absence de contre-indications (caries non soign\u00e9es, dents d\u00e9vitalis\u00e9es, faiblesse de l&rsquo;\u00e9mail, irritations gingivales\u2026) ainsi qu&rsquo;un d\u00e9tartrage efficace. Ce type de traitement n&rsquo;est conseill\u00e9 que lorsque les dents sont fortement jaunies). \u00ab\u00a0Il est possible de gagner un demi ton voire un ton, mais l&rsquo;important reste de pr\u00e9server au maximum la teinte naturelle de la dent afin qu&rsquo;elle soit en ad\u00e9quation avec l&rsquo;ensemble du visage\u00a0\u00bb, souligne le chirurgien dentiste Olivier Hue.<\/p>\n\n\n\n<h2 class=\"wp-block-heading\">Les traitements chez le dentiste<\/h2>\n\n\n\n<p>Il en existe deux : le blanchiment \u00ab\u00a0au fauteuil\u00a0\u00bb et celui dit \u00ab\u00a0ambulatoire\u00a0\u00bb.<\/p>\n\n\n\n<p>Le premier se r\u00e9alise int\u00e9gralement au cabinet en une ou deux s\u00e9ances. Le dentiste r\u00e9alise, \u00e0 partir d&rsquo;une empreinte d&rsquo;arcades dentaire, une goutti\u00e8re en plastique souple sur mesure qui accueille par la suite le gel de blanchiment tr\u00e8s concentr\u00e9, et ce durant un temps de pose pouvant varier de 20 \u00e0 90 minutes en fonction de l&rsquo;\u00e9tat initial de la dent. Dans certains cas, le dentiste peut juger utile de faire appel \u00e0 une lampe de haute \u00e9nergie ou \u00e0 laser pour activer le processus d&rsquo;\u00e9claircissement. Il faut noter que les traitements r\u00e9alis\u00e9s sont indolores.<\/p>\n\n\n\n<p>Quant au traitement ambulatoire, il est d&rsquo;abord mis en oeuvre au cabinet avec la confection de ces m\u00eames goutti\u00e8res et poursuivi au domicile \u00e0 l&rsquo;aide d&rsquo;un gel de peroxyde d&rsquo;hydrog\u00e8ne plus faiblement dos\u00e9. Le port des goutti\u00e8res s&rsquo;effectue de pr\u00e9f\u00e9rence au cours de la journ\u00e9e et sa dur\u00e9e peut osciller entre 15 minutes et une heure\/jour, selon la prescription du dentiste. Il est \u00e9galement possible, dans des cas extr\u00eames d&rsquo;effectuer une s\u00e9ance de blanchiment au fauteuil suivie d&rsquo;un traitement ambulatoire classique. En principe, les r\u00e9sultats apparaissent v\u00e9ritablement au bout de 15 jours et sont visibles en moyenne 4 ans, en fonction du mode de vie du patient (consommation \u00e9lev\u00e9e de caf\u00e9, tabac ou non). En cas de sensibilit\u00e9, il est imp\u00e9ratif d&rsquo;arr\u00eater le traitement et de consulter un dentiste pour \u00e9viter d&rsquo;endommager le nerf de la dent.<\/p>\n\n\n\n<p>Seule ombre au tableau, le prix on\u00e9reux : entre 390 et 1 200 \u20ac en fonction du nombre de s\u00e9ances et de la m\u00e9thode utilis\u00e9e.<\/p>\n\n\n\n<h2 class=\"wp-block-heading\">Les traitements \u00e0 domicile<\/h2>\n\n\n\n<p>De plus en plus de marques d&rsquo;hygi\u00e8ne bucco-dentaire mettent au point des kits pr\u00eats \u00e0 l&#8217;emploi, utilisables avec une qualit\u00e9 probante, et ce \u00e0 prix beaucoup plus abordable (entre 15 et 60 \u20ac).<\/p>\n\n\n\n<p>Disponibles en pharmacies et parapharmacies, ces kits de blanchiment disposent l\u00e0 aussi d&rsquo;un gel \u00e0 base de peroxyde d&rsquo;hydrog\u00e8ne mais nettement moins concentr\u00e9 qu&rsquo;en cabinet. Parmi les nouveaut\u00e9s, trois types de produits :<\/p>\n\n\n\n<ul class=\"wp-block-list\"><li><strong> Les bandes transparentes autocollantes : <\/strong> tr\u00e8s pratiques et recouvertes \u00e0 6 % de gel, elles \u00e9pousent parfaitement la forme des dents pour un d\u00e9p\u00f4t du gel uniforme ;<\/li><li><strong> Le gel avec pinceau : <\/strong> il permet une application tr\u00e8s pr\u00e9cise du produit, pour une utilisation s\u00e9lective sur quelques dents ou parties de dents pour une coloration plus localis\u00e9e ;<\/li><li><strong>Les goutti\u00e8res jetables :<\/strong> hygi\u00e9niques et \u00e0 usage unique, elles sont pr\u00eates \u00e0 l&#8217;emploi et ne n\u00e9cessitent pas d&rsquo;adaptation pr\u00e9alable. Elles sont fournies la plupart du temps avec des doses individuelles de gel ing\u00e9nieuses et facilement transportables.<\/li><\/ul>\n\n\n\n<p>A noter que ces kits de blanchiment \u00e0 domicile ne permettent d&rsquo;obtenir un r\u00e9sultat satisfaisant que lorsqu&rsquo;il s&rsquo;agit d&rsquo;une coloration due \u00e0 l&rsquo;\u00e2ge ou aux habitudes alimentaires. Ils peuvent s&rsquo;utiliser une \u00e0 deux fois par jour, de 15 \u00e0 30 minutes pendant 14 jours et avec une efficacit\u00e9 visible jusqu&rsquo;\u00e0 12 mois selon les mod\u00e8les. Une mise en garde subsiste : les goutti\u00e8res peuvent ne pas \u00eatre adapt\u00e9 parfaitement \u00e0 la forme de la m\u00e2choire et le traitement risque alors de cr\u00e9er chez certaines personnes des alt\u00e9rations de la gencive et d&rsquo;endommager directement la pulpe de la dent.<\/p>\n\n\n\n<p><strong>Des astuces pour un sourire lumineux<\/strong><\/p>\n\n\n\n<ul class=\"wp-block-list\"><li>En plus d&rsquo;une bonne hygi\u00e8ne dentaire quotidienne, pratiquez tous les six mois un d\u00e9tartrage des dents et faites v\u00e9rifier le bon \u00e9tat des gencives ;<\/li><li>Avalez un grand verre d&rsquo;eau pour vous rincer la bouche apr\u00e8s avoir bu caf\u00e9 ou th\u00e9 ;<\/li><li>Jetez aux orties votre paquet de cigarettes et ne remplacez surtout pas par des b\u00e2tons de r\u00e9glisse ;<\/li><li>Optez pour un teint l\u00e9g\u00e8rement h\u00e2l\u00e9 \u00e0 l&rsquo;aide d&rsquo;une poudre effet bonne mine pour faire ressortir la blancheur de vos dents ;<\/li><li>Enfin, pour jouer d&rsquo;un sourire glamour \u00e0 toutes \u00e9preuves, choisissez des rouges \u00e0 l\u00e8vres aux nuances profondes.<\/li><\/ul>\n\n\n\n<p><a href=\"#\">Imprimer la page<\/a><\/p>\n","protected":false},"excerpt":{"rendered":"<p>Ce proc\u00e9d\u00e9 simple de dentisterie esth\u00e9tique sert \u00e0 \u00e9claircir les colorations de l&rsquo;\u00e9mail et de la dentine gr\u00e2ce \u00e0 l&rsquo;utilisation d&rsquo;un gel \u00e0 base de peroxyde d&rsquo;hydrog\u00e8ne (eau oxyg\u00e9n\u00e9e). Que se soit en cabinet ou \u00e0 domicile, aucun traitement blanchissant &hellip; <a href=\"https:\/\/www.dr-cayrel-dentiste.fr\/?page_id=112\">Continuer la lecture <span class=\"meta-nav\">&rarr;<\/span><\/a><\/p>\n","protected":false},"author":3,"featured_media":0,"parent":103,"menu_order":2,"comment_status":"closed","ping_status":"closed","template":"","meta":{"footnotes":""},"class_list":["post-112","page","type-page","status-publish","hentry"],"publishpress_future_action":{"enabled":false,"date":"2026-05-01 06:03:13","action":"change-status","newStatus":"draft","terms":[],"taxonomy":"","extraData":[]},"publishpress_future_workflow_manual_trigger":{"enabledWorkflows":[]},"_links":{"self":[{"href":"https:\/\/www.dr-cayrel-dentiste.fr\/index.php?rest_route=\/wp\/v2\/pages\/112","targetHints":{"allow":["GET"]}}],"collection":[{"href":"https:\/\/www.dr-cayrel-dentiste.fr\/index.php?rest_route=\/wp\/v2\/pages"}],"about":[{"href":"https:\/\/www.dr-cayrel-dentiste.fr\/index.php?rest_route=\/wp\/v2\/types\/page"}],"author":[{"embeddable":true,"href":"https:\/\/www.dr-cayrel-dentiste.fr\/index.php?rest_route=\/wp\/v2\/users\/3"}],"replies":[{"embeddable":true,"href":"https:\/\/www.dr-cayrel-dentiste.fr\/index.php?rest_route=%2Fwp%2Fv2%2Fcomments&post=112"}],"version-history":[{"count":1,"href":"https:\/\/www.dr-cayrel-dentiste.fr\/index.php?rest_route=\/wp\/v2\/pages\/112\/revisions"}],"predecessor-version":[{"id":340,"href":"https:\/\/www.dr-cayrel-dentiste.fr\/index.php?rest_route=\/wp\/v2\/pages\/112\/revisions\/340"}],"up":[{"embeddable":true,"href":"https:\/\/www.dr-cayrel-dentiste.fr\/index.php?rest_route=\/wp\/v2\/pages\/103"}],"wp:attachment":[{"href":"https:\/\/www.dr-cayrel-dentiste.fr\/index.php?rest_route=%2Fwp%2Fv2%2Fmedia&parent=112"}],"curies":[{"name":"wp","href":"https:\/\/api.w.org\/{rel}","templated":true}]}}