{"id":122,"date":"2021-09-03T00:00:00","date_gmt":"2021-09-02T22:00:00","guid":{"rendered":"https:\/\/dr-cayrel-dentiste.fr\/?page_id=122"},"modified":"2021-09-21T10:56:50","modified_gmt":"2021-09-21T08:56:50","slug":"venir-a-notre-cabinet","status":"publish","type":"page","link":"https:\/\/www.dr-cayrel-dentiste.fr\/?page_id=122","title":{"rendered":"Venir \u00e0 notre cabinet"},"content":{"rendered":"\n<p>Cabinet dentaire du Dr Christophe Cayrel,<br>21 rue Saint-Faron \u00e0 Meaux (77100)<\/p>\n\n\n\n<p>re\u00e7oit exclusivement sur rendez-vous et<br>selon disponibilit\u00e9s des agendas en urgence.<\/p>\n\n\n\n<p>prise de rendez-vous par t\u00e9l\u00e9phone<br>au 01 64 34 00 18<\/p>\n\n\n\n<p>prise de rendez-vous par internet<br><a href=\"https:\/\/www.doctolib.fr\/dentiste\/meaux\/christophe-cayrel\" target=\"_blank\" rel=\"noopener noreferrer\">doctolib.fr<\/a><\/p>\n\n\n\n<p>Coordonn\u00e9es GPS &#8211; latitude : 48.962605 &#8211; longitude : 2.881755<br>ou&nbsp; Nord&nbsp; Est<\/p>\n\n\n\n<figure class=\"wp-block-table\"><table><tbody><tr><td>Horaire<\/td><td>Secr\u00e9tariat t\u00e9l\u00e9phonique<\/td><td>Dr Cayrel<\/td><td>&nbsp;<\/td><\/tr><tr><td>Lundi<\/td><td>09:00 \u00e0 12:15 et de 14H00 \u00e0 18H30<\/td><td>08:30 \u00e0 12:00 et de 14H00 \u00e0 18H30<\/td><td>&nbsp;<\/td><\/tr><tr><td>Mardi<\/td><td>09:00 \u00e0 12:15 et de 14H00 \u00e0 18H30<\/td><td>08:30 \u00e0 12:00 et de 14H00 \u00e0 18H30<\/td><td>&nbsp;<\/td><\/tr><tr><td>Mercredi<\/td><td>09:00 \u00e0 12:15 et de 14H00 \u00e0 18H30<\/td><td>08:30 \u00e0 12:00 et de 14H00 \u00e0 18H30<\/td><td>&nbsp;<\/td><\/tr><tr><td>Jeudi<\/td><td>ferm\u00e9<\/td><td>ferm\u00e9<\/td><td>&nbsp;<\/td><\/tr><tr><td>Vendredi<\/td><td>09:00 \u00e0 12:15 et de 14H00 \u00e0 18H30<\/td><td>08:30 \u00e0 12:00 et de 14H00 \u00e0 18H30<\/td><td>&nbsp;<\/td><\/tr><tr><td>Samedi<\/td><td>09:00 \u00e0 12:30<\/td><td>08:30 \u00e0 12:00<\/td><td>&nbsp;<\/td><\/tr><\/tbody><\/table><\/figure>\n","protected":false},"excerpt":{"rendered":"<p>Cabinet dentaire du Dr Christophe Cayrel,21 rue Saint-Faron \u00e0 Meaux (77100) re\u00e7oit exclusivement sur rendez-vous etselon disponibilit\u00e9s des agendas en urgence. prise de rendez-vous par t\u00e9l\u00e9phoneau 01 64 34 00 18 prise de rendez-vous par internetdoctolib.fr Coordonn\u00e9es GPS &#8211; latitude &hellip; <a href=\"https:\/\/www.dr-cayrel-dentiste.fr\/?page_id=122\">Continuer la lecture <span class=\"meta-nav\">&rarr;<\/span><\/a><\/p>\n","protected":false},"author":3,"featured_media":0,"parent":118,"menu_order":0,"comment_status":"closed","ping_status":"closed","template":"","meta":{"footnotes":""},"class_list":["post-122","page","type-page","status-publish","hentry"],"publishpress_future_action":{"enabled":false,"date":"2026-05-01 06:01:17","action":"change-status","newStatus":"draft","terms":[],"taxonomy":"","extraData":[]},"publishpress_future_workflow_manual_trigger":{"enabledWorkflows":[]},"_links":{"self":[{"href":"https:\/\/www.dr-cayrel-dentiste.fr\/index.php?rest_route=\/wp\/v2\/pages\/122","targetHints":{"allow":["GET"]}}],"collection":[{"href":"https:\/\/www.dr-cayrel-dentiste.fr\/index.php?rest_route=\/wp\/v2\/pages"}],"about":[{"href":"https:\/\/www.dr-cayrel-dentiste.fr\/index.php?rest_route=\/wp\/v2\/types\/page"}],"author":[{"embeddable":true,"href":"https:\/\/www.dr-cayrel-dentiste.fr\/index.php?rest_route=\/wp\/v2\/users\/3"}],"replies":[{"embeddable":true,"href":"https:\/\/www.dr-cayrel-dentiste.fr\/index.php?rest_route=%2Fwp%2Fv2%2Fcomments&post=122"}],"version-history":[{"count":4,"href":"https:\/\/www.dr-cayrel-dentiste.fr\/index.php?rest_route=\/wp\/v2\/pages\/122\/revisions"}],"predecessor-version":[{"id":328,"href":"https:\/\/www.dr-cayrel-dentiste.fr\/index.php?rest_route=\/wp\/v2\/pages\/122\/revisions\/328"}],"up":[{"embeddable":true,"href":"https:\/\/www.dr-cayrel-dentiste.fr\/index.php?rest_route=\/wp\/v2\/pages\/118"}],"wp:attachment":[{"href":"https:\/\/www.dr-cayrel-dentiste.fr\/index.php?rest_route=%2Fwp%2Fv2%2Fmedia&parent=122"}],"curies":[{"name":"wp","href":"https:\/\/api.w.org\/{rel}","templated":true}]}}