{"id":140,"date":"2017-12-22T15:57:11","date_gmt":"2017-12-22T14:57:11","guid":{"rendered":"https:\/\/dr-cayrel-dentiste.fr\/?page_id=140"},"modified":"2021-09-21T15:14:38","modified_gmt":"2021-09-21T13:14:38","slug":"en-cas-durgence","status":"publish","type":"page","link":"https:\/\/www.dr-cayrel-dentiste.fr\/?page_id=140","title":{"rendered":"En cas d&rsquo;urgence"},"content":{"rendered":"\n<p>SERVICE DE GARDE<br>Le Conseil de l&rsquo;Ordre D\u00e9partemental des Chirurgiens-Dentistes organise un service de garde pour les Dimanche et jours f\u00e9ri\u00e9s de 9H \u00e0 12H.<\/p>\n\n\n\n<p>Vous obtiendrez les coordonn\u00e9es du <strong>dentiste de garde<\/strong> en t\u00e9l\u00e9phonant au<br><strong>01 60 63 08 08<\/strong>.<\/p>\n\n\n\n<p>En cas de traumatisme dentaire (suite \u00e0 une chute par exemple), nous vous invitons \u00e0 prendre contact au plus t\u00f4t avec le cabinet, par<br><strong>t\u00e9l\u00e9phone au 01 64 34 00 18<\/strong>, ou avec l&rsquo;h\u00f4pital le plus proche (service odontologie ou stomatologie et chirurgie maxillo-faciale).<\/p>\n\n\n\n<p>En attendant de voir votre dentiste au plus t\u00f4t.<\/p>\n\n\n\n<p>En cas de fracture dentaire, il est conseill\u00e9 de r\u00e9cup\u00e9rer les fragments si possible de les conserver dans un milieu humide (de l&rsquo;eau) et de les ramener pour la consultation.<\/p>\n\n\n\n<p>En cas de d\u00e9placement dentaire de dents d\u00e9finitives (voir d&rsquo;expulsion) il s&rsquo;agit de remettre en place la(les dents), sauf si la dent est tomb\u00e9e dans un milieu septique. Dans ce dernier cas il faut conserver la dent dans du lait ou \u00e0 d\u00e9faut du s\u00e9rum physiologique ou \u00e0 d\u00e9faut de l&rsquo;eau, en attendant de revoir votre dentiste.<\/p>\n","protected":false},"excerpt":{"rendered":"<p>SERVICE DE GARDELe Conseil de l&rsquo;Ordre D\u00e9partemental des Chirurgiens-Dentistes organise un service de garde pour les Dimanche et jours f\u00e9ri\u00e9s de 9H \u00e0 12H. Vous obtiendrez les coordonn\u00e9es du dentiste de garde en t\u00e9l\u00e9phonant au01 60 63 08 08. En &hellip; <a href=\"https:\/\/www.dr-cayrel-dentiste.fr\/?page_id=140\">Continuer la lecture <span class=\"meta-nav\">&rarr;<\/span><\/a><\/p>\n","protected":false},"author":4,"featured_media":0,"parent":118,"menu_order":2,"comment_status":"closed","ping_status":"closed","template":"","meta":{"footnotes":""},"class_list":["post-140","page","type-page","status-publish","hentry"],"publishpress_future_action":{"enabled":false,"date":"2026-05-01 09:31:31","action":"change-status","newStatus":"draft","terms":[],"taxonomy":"","extraData":[]},"publishpress_future_workflow_manual_trigger":{"enabledWorkflows":[]},"_links":{"self":[{"href":"https:\/\/www.dr-cayrel-dentiste.fr\/index.php?rest_route=\/wp\/v2\/pages\/140","targetHints":{"allow":["GET"]}}],"collection":[{"href":"https:\/\/www.dr-cayrel-dentiste.fr\/index.php?rest_route=\/wp\/v2\/pages"}],"about":[{"href":"https:\/\/www.dr-cayrel-dentiste.fr\/index.php?rest_route=\/wp\/v2\/types\/page"}],"author":[{"embeddable":true,"href":"https:\/\/www.dr-cayrel-dentiste.fr\/index.php?rest_route=\/wp\/v2\/users\/4"}],"replies":[{"embeddable":true,"href":"https:\/\/www.dr-cayrel-dentiste.fr\/index.php?rest_route=%2Fwp%2Fv2%2Fcomments&post=140"}],"version-history":[{"count":1,"href":"https:\/\/www.dr-cayrel-dentiste.fr\/index.php?rest_route=\/wp\/v2\/pages\/140\/revisions"}],"predecessor-version":[{"id":343,"href":"https:\/\/www.dr-cayrel-dentiste.fr\/index.php?rest_route=\/wp\/v2\/pages\/140\/revisions\/343"}],"up":[{"embeddable":true,"href":"https:\/\/www.dr-cayrel-dentiste.fr\/index.php?rest_route=\/wp\/v2\/pages\/118"}],"wp:attachment":[{"href":"https:\/\/www.dr-cayrel-dentiste.fr\/index.php?rest_route=%2Fwp%2Fv2%2Fmedia&parent=140"}],"curies":[{"name":"wp","href":"https:\/\/api.w.org\/{rel}","templated":true}]}}