{"id":77,"date":"2020-06-15T00:00:00","date_gmt":"2020-06-14T22:00:00","guid":{"rendered":"https:\/\/dr-cayrel-dentiste.fr\/?page_id=77"},"modified":"2021-09-21T15:09:57","modified_gmt":"2021-09-21T13:09:57","slug":"le-docteur-christophe-cayrel","status":"publish","type":"page","link":"https:\/\/www.dr-cayrel-dentiste.fr\/?page_id=77","title":{"rendered":"Le Docteur Christophe Cayrel"},"content":{"rendered":"\n<div class=\"wp-block-image\"><figure class=\"alignleft\"><img loading=\"lazy\" decoding=\"async\" width=\"250\" height=\"176\" src=\"https:\/\/dr-cayrel-dentiste.fr\/wp-content\/uploads\/2017\/12\/Christophe-www.jpg\" alt=\"\" class=\"wp-image-24\"\/><\/figure><\/div>\n\n\n\n<p>Christophe Cayrel docteur en chirurgie dentaire<br>Dipl\u00f4m\u00e9 de la Facult\u00e9 Paris VII en 2009<br>N\u00b0 RPPS : 10005211114<br>D\u00e9partement d&rsquo;inscription : Seine-et-Marne (77)<br>Mode d&rsquo;exercice : Lib\u00e9ral<br>Exercice conventionn\u00e9<\/p>\n","protected":false},"excerpt":{"rendered":"<p>Christophe Cayrel docteur en chirurgie dentaireDipl\u00f4m\u00e9 de la Facult\u00e9 Paris VII en 2009N\u00b0 RPPS : 10005211114D\u00e9partement d&rsquo;inscription : Seine-et-Marne (77)Mode d&rsquo;exercice : Lib\u00e9ralExercice conventionn\u00e9<\/p>\n","protected":false},"author":4,"featured_media":0,"parent":72,"menu_order":0,"comment_status":"closed","ping_status":"closed","template":"","meta":{"footnotes":""},"class_list":["post-77","page","type-page","status-publish","hentry"],"publishpress_future_action":{"enabled":false,"date":"2026-05-21 14:01:25","action":"change-status","newStatus":"draft","terms":[],"taxonomy":"","extraData":[]},"publishpress_future_workflow_manual_trigger":{"enabledWorkflows":[]},"_links":{"self":[{"href":"https:\/\/www.dr-cayrel-dentiste.fr\/index.php?rest_route=\/wp\/v2\/pages\/77","targetHints":{"allow":["GET"]}}],"collection":[{"href":"https:\/\/www.dr-cayrel-dentiste.fr\/index.php?rest_route=\/wp\/v2\/pages"}],"about":[{"href":"https:\/\/www.dr-cayrel-dentiste.fr\/index.php?rest_route=\/wp\/v2\/types\/page"}],"author":[{"embeddable":true,"href":"https:\/\/www.dr-cayrel-dentiste.fr\/index.php?rest_route=\/wp\/v2\/users\/4"}],"replies":[{"embeddable":true,"href":"https:\/\/www.dr-cayrel-dentiste.fr\/index.php?rest_route=%2Fwp%2Fv2%2Fcomments&post=77"}],"version-history":[{"count":2,"href":"https:\/\/www.dr-cayrel-dentiste.fr\/index.php?rest_route=\/wp\/v2\/pages\/77\/revisions"}],"predecessor-version":[{"id":331,"href":"https:\/\/www.dr-cayrel-dentiste.fr\/index.php?rest_route=\/wp\/v2\/pages\/77\/revisions\/331"}],"up":[{"embeddable":true,"href":"https:\/\/www.dr-cayrel-dentiste.fr\/index.php?rest_route=\/wp\/v2\/pages\/72"}],"wp:attachment":[{"href":"https:\/\/www.dr-cayrel-dentiste.fr\/index.php?rest_route=%2Fwp%2Fv2%2Fmedia&parent=77"}],"curies":[{"name":"wp","href":"https:\/\/api.w.org\/{rel}","templated":true}]}}