{"id":82,"date":"2020-06-15T00:00:00","date_gmt":"2020-06-14T22:00:00","guid":{"rendered":"https:\/\/dr-cayrel-dentiste.fr\/?page_id=82"},"modified":"2021-09-21T15:10:22","modified_gmt":"2021-09-21T13:10:22","slug":"lassistante-du-cabinet-dentaire-sophie","status":"publish","type":"page","link":"https:\/\/www.dr-cayrel-dentiste.fr\/?page_id=82","title":{"rendered":"L&rsquo;assistante du cabinet dentaire Sophie"},"content":{"rendered":"\n<div class=\"wp-block-image\"><figure class=\"alignleft\"><img loading=\"lazy\" decoding=\"async\" width=\"250\" height=\"208\" src=\"https:\/\/dr-cayrel-dentiste.fr\/wp-content\/uploads\/2017\/12\/Sophie-www.jpg\" alt=\"\" class=\"wp-image-39\"\/><\/figure><\/div>\n\n\n\n<p>Assistante dentaire qualifi\u00e9e en odontologie, stomatologie<br>g\u00e8re le secr\u00e9tariat ainsi que l&rsquo;accueil des patients<\/p>\n","protected":false},"excerpt":{"rendered":"<p>Assistante dentaire qualifi\u00e9e en odontologie, stomatologieg\u00e8re le secr\u00e9tariat ainsi que l&rsquo;accueil des patients<\/p>\n","protected":false},"author":4,"featured_media":0,"parent":72,"menu_order":5,"comment_status":"closed","ping_status":"closed","template":"","meta":{"footnotes":""},"class_list":["post-82","page","type-page","status-publish","hentry"],"publishpress_future_action":{"enabled":false,"date":"2026-05-13 14:03:33","action":"change-status","newStatus":"draft","terms":[],"taxonomy":"","extraData":[]},"publishpress_future_workflow_manual_trigger":{"enabledWorkflows":[]},"_links":{"self":[{"href":"https:\/\/www.dr-cayrel-dentiste.fr\/index.php?rest_route=\/wp\/v2\/pages\/82","targetHints":{"allow":["GET"]}}],"collection":[{"href":"https:\/\/www.dr-cayrel-dentiste.fr\/index.php?rest_route=\/wp\/v2\/pages"}],"about":[{"href":"https:\/\/www.dr-cayrel-dentiste.fr\/index.php?rest_route=\/wp\/v2\/types\/page"}],"author":[{"embeddable":true,"href":"https:\/\/www.dr-cayrel-dentiste.fr\/index.php?rest_route=\/wp\/v2\/users\/4"}],"replies":[{"embeddable":true,"href":"https:\/\/www.dr-cayrel-dentiste.fr\/index.php?rest_route=%2Fwp%2Fv2%2Fcomments&post=82"}],"version-history":[{"count":2,"href":"https:\/\/www.dr-cayrel-dentiste.fr\/index.php?rest_route=\/wp\/v2\/pages\/82\/revisions"}],"predecessor-version":[{"id":332,"href":"https:\/\/www.dr-cayrel-dentiste.fr\/index.php?rest_route=\/wp\/v2\/pages\/82\/revisions\/332"}],"up":[{"embeddable":true,"href":"https:\/\/www.dr-cayrel-dentiste.fr\/index.php?rest_route=\/wp\/v2\/pages\/72"}],"wp:attachment":[{"href":"https:\/\/www.dr-cayrel-dentiste.fr\/index.php?rest_route=%2Fwp%2Fv2%2Fmedia&parent=82"}],"curies":[{"name":"wp","href":"https:\/\/api.w.org\/{rel}","templated":true}]}}