{"id":91,"date":"2017-12-22T15:10:10","date_gmt":"2017-12-22T14:10:10","guid":{"rendered":"https:\/\/dr-cayrel-dentiste.fr\/?page_id=91"},"modified":"2021-09-21T15:10:57","modified_gmt":"2021-09-21T13:10:57","slug":"le-detartrage-des-dents","status":"publish","type":"page","link":"https:\/\/www.dr-cayrel-dentiste.fr\/?page_id=91","title":{"rendered":"Le d\u00e9tartrage des dents"},"content":{"rendered":"\n<h2 class=\"wp-block-heading\">La technique<\/h2>\n\n\n\n<p>Une sorte de mini \u00ab\u00a0karcher\u00a0\u00bb d\u00e9colle tous les d\u00e9p\u00f4ts de tartre, redonnant \u00e0 vos dents leur couleur et \u00e9clat naturels. Un brossage bi-quotidien avec un dentifrice adapt\u00e9 permet ensuite de limiter les d\u00e9p\u00f4ts de tartre et d&rsquo;autres particules sur les dents.<\/p>\n\n\n\n<h2 class=\"wp-block-heading\">Les inconv\u00e9nients<\/h2>\n\n\n\n<p>Aucun.<\/p>\n\n\n\n<h2 class=\"wp-block-heading\">Le prix<\/h2>\n\n\n\n<p>Celui d&rsquo;une consultation normale.<\/p>\n\n\n\n<p><strong>D\u00e9tartrage et Polissage<\/strong><\/p>\n\n\n\n<p>Si elle n&rsquo;est pas r\u00e9guli\u00e8rement \u00e9limin\u00e9e \u00e0 la surface des dents, la plaque bact\u00e9rienne peut devenir du tartre par combinaison avec les min\u00e9raux contenus dans la salive (phosphates et calcium). Il s&rsquo;agit alors d&rsquo;un d\u00e9p\u00f4t dur, rugueux, qui adh\u00e8re fortement aux surfaces dentaires. Ces caract\u00e9ristiques favorisent le d\u00e9veloppement \u00e0 la surface de plaque dentaire, ce qui explique qu&rsquo;une fois form\u00e9, le d\u00e9p\u00f4t de tartre ne peut qu&rsquo;augmenter. Irritant et riche en germes, il favorise le d\u00e9veloppement de maladies gingivales et parodontales.<\/p>\n\n\n\n<p>Le d\u00e9tartrage consiste en l&rsquo;\u00e9limination de ce d\u00e9p\u00f4t dur (soit par \u00ab\u00a0grattage\u00a0\u00bb soit par utilisation d&rsquo;appareils \u00e0 ultrasons) et en un polissage des surfaces ainsi nettoy\u00e9es. Il s&rsquo;agit de redonner aux dents leur aspect esth\u00e9tique normal, de recr\u00e9er un environnement sain pour les dents et le parodonte, et de faciliter le contr\u00f4le de l&rsquo;hygi\u00e8ne bucco-dentaire.<\/p>\n\n\n\n<p>La fr\u00e9quence des d\u00e9tartrages d\u00e9pend de la quantit\u00e9 et de la rapidit\u00e9 \u00e0 laquelle se constitue le tartre. Elle est li\u00e9e \u00e0 l&rsquo;\u00e9limination de la plaque bact\u00e9rienne (brossage, fil dentaire&#8230;). Votre chirurgien-dentiste d\u00e9finira votre besoin en fonction de ces crit\u00e8res d&rsquo;\u00e9valuation.<\/p>\n\n\n\n<p><strong>Sources :<\/strong><\/p>\n\n\n\n<p><a href=\"http:\/\/www.ufsbd.fr\/\" target=\"_blank\" rel=\"noopener\">Union Fran\u00e7aise de Sant\u00e9 Bucco-Dentaire<\/a><\/p>\n\n\n\n<p><a href=\"#\">Imprimer la page<\/a><\/p>\n","protected":false},"excerpt":{"rendered":"<p>La technique Une sorte de mini \u00ab\u00a0karcher\u00a0\u00bb d\u00e9colle tous les d\u00e9p\u00f4ts de tartre, redonnant \u00e0 vos dents leur couleur et \u00e9clat naturels. Un brossage bi-quotidien avec un dentifrice adapt\u00e9 permet ensuite de limiter les d\u00e9p\u00f4ts de tartre et d&rsquo;autres particules &hellip; <a href=\"https:\/\/www.dr-cayrel-dentiste.fr\/?page_id=91\">Continuer la lecture <span class=\"meta-nav\">&rarr;<\/span><\/a><\/p>\n","protected":false},"author":4,"featured_media":0,"parent":88,"menu_order":0,"comment_status":"closed","ping_status":"closed","template":"","meta":{"footnotes":""},"class_list":["post-91","page","type-page","status-publish","hentry"],"publishpress_future_action":{"enabled":false,"date":"2026-05-07 15:20:49","action":"change-status","newStatus":"draft","terms":[],"taxonomy":"","extraData":[]},"publishpress_future_workflow_manual_trigger":{"enabledWorkflows":[]},"_links":{"self":[{"href":"https:\/\/www.dr-cayrel-dentiste.fr\/index.php?rest_route=\/wp\/v2\/pages\/91","targetHints":{"allow":["GET"]}}],"collection":[{"href":"https:\/\/www.dr-cayrel-dentiste.fr\/index.php?rest_route=\/wp\/v2\/pages"}],"about":[{"href":"https:\/\/www.dr-cayrel-dentiste.fr\/index.php?rest_route=\/wp\/v2\/types\/page"}],"author":[{"embeddable":true,"href":"https:\/\/www.dr-cayrel-dentiste.fr\/index.php?rest_route=\/wp\/v2\/users\/4"}],"replies":[{"embeddable":true,"href":"https:\/\/www.dr-cayrel-dentiste.fr\/index.php?rest_route=%2Fwp%2Fv2%2Fcomments&post=91"}],"version-history":[{"count":1,"href":"https:\/\/www.dr-cayrel-dentiste.fr\/index.php?rest_route=\/wp\/v2\/pages\/91\/revisions"}],"predecessor-version":[{"id":334,"href":"https:\/\/www.dr-cayrel-dentiste.fr\/index.php?rest_route=\/wp\/v2\/pages\/91\/revisions\/334"}],"up":[{"embeddable":true,"href":"https:\/\/www.dr-cayrel-dentiste.fr\/index.php?rest_route=\/wp\/v2\/pages\/88"}],"wp:attachment":[{"href":"https:\/\/www.dr-cayrel-dentiste.fr\/index.php?rest_route=%2Fwp%2Fv2%2Fmedia&parent=91"}],"curies":[{"name":"wp","href":"https:\/\/api.w.org\/{rel}","templated":true}]}}